{"id":1311,"date":"2023-12-14T09:17:33","date_gmt":"2023-12-14T08:17:33","guid":{"rendered":"https:\/\/enginyeriavall.com\/accesibilidad\/"},"modified":"2023-12-18T10:06:58","modified_gmt":"2023-12-18T09:06:58","slug":"accesibilidad","status":"publish","type":"page","link":"https:\/\/enginyeriavall.com\/es\/accesibilidad\/","title":{"rendered":"Accesibilidad"},"content":{"rendered":"\t\t<div data-elementor-type=\"wp-page\" data-elementor-id=\"1311\" class=\"elementor elementor-1311 elementor-1271\" data-elementor-post-type=\"page\">\n\t\t\t\t<div class=\"elementor-element elementor-element-dfce6bd e-flex e-con-boxed e-con e-parent\" data-id=\"dfce6bd\" data-element_type=\"container\">\n\t\t\t\t\t<div class=\"e-con-inner\">\n\t\t\t\t<div class=\"elementor-element elementor-element-0fb23a7 elementor-widget elementor-widget-heading\" data-id=\"0fb23a7\" data-element_type=\"widget\" data-widget_type=\"heading.default\">\n\t\t\t\t<div class=\"elementor-widget-container\">\n\t\t\t\t\t<h1 class=\"elementor-heading-title elementor-size-default\">Accesibilidad<\/h1>\t\t\t\t<\/div>\n\t\t\t\t<\/div>\n\t\t\t\t\t<\/div>\n\t\t\t\t<\/div>\n\t\t<div class=\"elementor-element elementor-element-dc8cfc4 legal e-flex e-con-boxed e-con e-parent\" data-id=\"dc8cfc4\" data-element_type=\"container\">\n\t\t\t\t\t<div class=\"e-con-inner\">\n\t\t<div class=\"elementor-element elementor-element-2a426a3 e-con-full e-flex e-con e-child\" data-id=\"2a426a3\" data-element_type=\"container\">\n\t\t\t\t<div class=\"elementor-element elementor-element-d667f84 elementor-toc--minimized-on-tablet elementor-widget elementor-widget-table-of-contents\" data-id=\"d667f84\" data-element_type=\"widget\" data-settings=\"{&quot;headings_by_tags&quot;:[&quot;h2&quot;,&quot;h3&quot;],&quot;exclude_headings_by_selector&quot;:[],&quot;marker_view&quot;:&quot;numbers&quot;,&quot;no_headings_message&quot;:&quot;No se ha encontrado ning\\u00fan encabezado en esta p\\u00e1gina.&quot;,&quot;minimize_box&quot;:&quot;yes&quot;,&quot;minimized_on&quot;:&quot;tablet&quot;,&quot;hierarchical_view&quot;:&quot;yes&quot;,&quot;min_height&quot;:{&quot;unit&quot;:&quot;px&quot;,&quot;size&quot;:&quot;&quot;,&quot;sizes&quot;:[]},&quot;min_height_tablet&quot;:{&quot;unit&quot;:&quot;px&quot;,&quot;size&quot;:&quot;&quot;,&quot;sizes&quot;:[]},&quot;min_height_mobile&quot;:{&quot;unit&quot;:&quot;px&quot;,&quot;size&quot;:&quot;&quot;,&quot;sizes&quot;:[]}}\" data-widget_type=\"table-of-contents.default\">\n\t\t\t\t<div class=\"elementor-widget-container\">\n\t\t\t\t\t\t\t\t\t<div class=\"elementor-toc__header\">\n\t\t\t\t\t\t<h4 class=\"elementor-toc__header-title\">\n\t\t\t\tTabla de contenidos\t\t\t<\/h4>\n\t\t\t\t\t\t\t\t\t\t<div class=\"elementor-toc__toggle-button elementor-toc__toggle-button--expand\" role=\"button\" tabindex=\"0\" aria-controls=\"elementor-toc__d667f84\" aria-expanded=\"true\" aria-label=\"Abrir la tabla de contenidos\"><i aria-hidden=\"true\" class=\"fas fa-chevron-down\"><\/i><\/div>\n\t\t\t\t<div class=\"elementor-toc__toggle-button elementor-toc__toggle-button--collapse\" role=\"button\" tabindex=\"0\" aria-controls=\"elementor-toc__d667f84\" aria-expanded=\"true\" aria-label=\"Cerrar la tabla de contenidos\"><i aria-hidden=\"true\" class=\"fas fa-chevron-up\"><\/i><\/div>\n\t\t\t\t\t<\/div>\n\t\t\t\t<div id=\"elementor-toc__d667f84\" class=\"elementor-toc__body\">\n\t\t\t<div class=\"elementor-toc__spinner-container\">\n\t\t\t\t<i class=\"elementor-toc__spinner eicon-animation-spin eicon-loading\" aria-hidden=\"true\"><\/i>\t\t\t<\/div>\n\t\t<\/div>\n\t\t\t\t\t\t<\/div>\n\t\t\t\t<\/div>\n\t\t\t\t<\/div>\n\t\t<div class=\"elementor-element elementor-element-1b994dc e-con-full e-flex e-con e-child\" data-id=\"1b994dc\" data-element_type=\"container\">\n\t\t\t\t<div class=\"elementor-element elementor-element-b9293a1 accessibilitat elementor-widget elementor-widget-text-editor\" data-id=\"b9293a1\" data-element_type=\"widget\" data-widget_type=\"text-editor.default\">\n\t\t\t\t<div class=\"elementor-widget-container\">\n\t\t\t\t\t\t\t\t\t<div class=\"elementor-element elementor-element-b660c6e elementor-widget elementor-widget-heading\" data-id=\"b660c6e\" data-element_type=\"widget\" data-widget_type=\"heading.default\"><div class=\"elementor-widget-container\">\u00a0<\/div><\/div><div class=\"elementor-element elementor-element-c38e05a elementor-widget elementor-widget-text-editor\" data-id=\"c38e05a\" data-element_type=\"widget\" data-widget_type=\"text-editor.default\"><div class=\"elementor-widget-container\"><div class=\"elementor-widget-container\"><p>Enginyeria Vall se ha comprometido a hacer accesible su sitio web en conformidad con el <a title=\"Web del Bolet\u00edn Oficial del Estado : Abre nueva ventana\" href=\"https:\/\/www.boe.es\/buscar\/act.php?id=BOE-A-2018-12699\" target=\"_blank\" rel=\"noopener\">Real Decreto 1112\/2018, de 7 de septiembre.<\/a><\/p><p>La presente declaraci\u00f3n de accesibilidad se aplica a <a href=\"https:\/\/enginyeriavall.com\/\">https:\/\/enginyeriavall.com\/<\/a><\/p><h2>Situaci\u00f3n de cumplimiento<\/h2><p>Este sitio web es parcialmente conformo con el Real Decreto 1112\/2018, de 7 de septiembre, a causa de la carencia de conformidad de los aspectos que se indican a continuaci\u00f3n.<\/p><h2>Contenido no accesible<\/h2><p>El contenido que se recoge a continuaci\u00f3n no es accesible por los siguientes motivos:<\/p><ul><li>Falta en conformidad con el Real Decreto 1112\/2018, de 7 de septiembre, a causa de la falta de conformidad de los aspectos que se indican a continuaci\u00f3n.<ul><li>Falta parcial del punto descrito en w3.org de Atajos del teclado (Condicional) (<a href=\"https:\/\/www.w3.org\/TR\/WCAG\/#character-key-shortcuts\">https:\/\/www.w3.org\/TR\/WCAG\/#character-key-shortcuts<\/a>)<\/li><li>Falta parcial del punto descrito en w3.org de activaci\u00f3n mediante movimiento (Condicional) en algunas p\u00e0ginas. (<a href=\"https:\/\/www.w3.org\/TR\/WCAG\/#motion-actuation\">https:\/\/www.w3.org\/TR\/WCAG\/#motion-actuation<\/a>)<\/li><li>Falta parcial del punto descrito en w3.org de sin trampas para el foco del teclado (Condicional) en algunas p\u00e1ginas (<a href=\"https:\/\/www.w3.org\/WAI\/WCAG22\/Understanding\/no-keyboard-trap.html\">https:\/\/www.w3.org\/WAI\/WCAG22\/Understanding\/no-keyboard-trap.html<\/a>)<\/li><li>Falta parcial del punto descrito en w3.org de orden del foco en algunas p\u00e1ginas (<a href=\"https:\/\/www.w3.org\/WAI\/WCAG22\/Understanding\/focus-order.html\">https:\/\/www.w3.org\/WAI\/WCAG22\/Understanding\/focus-order.html<\/a>)<\/li><\/ul><\/li><\/ul><\/div><h2>Preparaci\u00f3n de la presente declaraci\u00f3n de accesibilidad<\/h2><p>La presente declaraci\u00f3n fue preparada el 18\/12\/2023.<\/p><p>El m\u00e9todo empleado para preparar la declaraci\u00f3n ha sido una autoevaluaci\u00f3n llevada a cabo por el propio organismo.<\/p><p>\u00daltima revisi\u00f3n de la declaraci\u00f3n: 18 de diciembre de 2023.<\/p><h2>Observaciones y datos de contacto<\/h2><p>Puedes realizar comunicaciones sobre requisitos de accesibilidad (art\u00edculo 10.2.a) del Real Decreto 1112\/2018, de 7 de septiembre como, por ejemplo:<\/p><ul><li>Informar sobre cualquier posible incumplimiento por parte de este sitio web.<\/li><li>Transmitir otras dificultades de acceso al contenido.<\/li><li>Formular cualquier otra consulta o sugerencia de mejora relativa a la accesibilidad del sitio web.<\/li><\/ul><p>A trav\u00e9s de la siguiente v\u00eda:<\/p><p>Email: <a href=\"mailto:estudi@enginyeriavall.com\" target=\"_blank\" rel=\"nofollow noopener\"><span class=\"elementor-icon-list-text\">estudi@enginyeriavall.com<\/span><\/a><\/p><p>Tambi\u00e9n puede solicitar en formato accesible informaci\u00f3n que no cumpla con los requisitos de accesibilidad bien para estar excluida, bien para estar exenta por carga desproporcionada; o\u00a0<a href=\"https:\/\/sedeminhap.gob.es\/es-ES\/Organos\/SecretariaGeneralTecnica\/Procedimientos\/Paginas\/Default.aspx?IdProcedimiento=1770&amp;p=3\">formular una queja<\/a>\u00a0por incumplimiento de los requisitos de accesibilidad.<\/p><h2>Procedimiento de aplicaci\u00f3n<\/h2><p>A trav\u00e9s de este procedimiento podr\u00e1s iniciar una reclamaci\u00f3n para conocer y oponerte a los motivos de la desestimaci\u00f3n de una solicitud de informaci\u00f3n accesible o queja, instar la adopci\u00f3n de las medidas oportunas en el caso de no estar de acuerdo con la decisi\u00f3n adoptada, o exponer las razones por las cuales se considera que la respuesta no cumple con los requisitos exigidos.<\/p><p>Enlace al\u00a0<a href=\"https:\/\/sedeminhap.gob.es\/es-ES\/Organos\/SecretariaGeneralTecnica\/Procedimientos\/Paginas\/Default.aspx?IdProcedimiento=1771&amp;p=2\">procedimiento de reclamaci\u00f3n<\/a>\u00a0, que tiene que dirigir a la Unidad responsable de accesibilidad de este Ministerio, o si la reclamaci\u00f3n es por una actuaci\u00f3n de esta Unidad, al superior jer\u00e1rquico de esta.<\/p><\/div><\/div>\t\t\t\t\t\t\t\t<\/div>\n\t\t\t\t<\/div>\n\t\t\t\t<\/div>\n\t\t\t\t\t<\/div>\n\t\t\t\t<\/div>\n\t\t\t\t<\/div>\n\t\t","protected":false},"excerpt":{"rendered":"<p>Tabla de contenidos \u00a0 Enginyeria Vall se ha comprometido a hacer accesible su sitio web en conformidad con el Real Decreto 1112\/2018, de 7 de septiembre. La presente declaraci\u00f3n de accesibilidad se aplica a https:\/\/enginyeriavall.com\/ Situaci\u00f3n de cumplimiento Este sitio web es parcialmente conformo con el Real Decreto 1112\/2018, de 7 de septiembre, a causa de la carencia de conformidad de los aspectos que se indican a continuaci\u00f3n. Contenido no accesible El contenido que se recoge a continuaci\u00f3n no es accesible por los siguientes motivos: Falta en conformidad con el Real Decreto 1112\/2018, de 7 de septiembre, a causa de la falta de conformidad de los aspectos que se indican a continuaci\u00f3n. Falta parcial del punto descrito en w3.org de Atajos del teclado (Condicional) (https:\/\/www.w3.org\/TR\/WCAG\/#character-key-shortcuts) Falta parcial del punto descrito en w3.org de activaci\u00f3n mediante movimiento (Condicional) en algunas p\u00e0ginas. (https:\/\/www.w3.org\/TR\/WCAG\/#motion-actuation) Falta parcial del punto descrito en w3.org de sin trampas para el foco del teclado (Condicional) en algunas p\u00e1ginas (https:\/\/www.w3.org\/WAI\/WCAG22\/Understanding\/no-keyboard-trap.html) Falta parcial del punto descrito en w3.org de orden del foco en algunas p\u00e1ginas (https:\/\/www.w3.org\/WAI\/WCAG22\/Understanding\/focus-order.html) Preparaci\u00f3n de la presente declaraci\u00f3n de accesibilidad La presente declaraci\u00f3n fue preparada el 18\/12\/2023. El m\u00e9todo empleado para preparar la declaraci\u00f3n ha sido una autoevaluaci\u00f3n llevada a cabo por el propio organismo. \u00daltima revisi\u00f3n de la declaraci\u00f3n: 18 de diciembre de 2023. Observaciones y datos de contacto Puedes realizar comunicaciones sobre requisitos de accesibilidad (art\u00edculo 10.2.a) del Real Decreto 1112\/2018, de 7 de septiembre como, por ejemplo: Informar sobre cualquier posible incumplimiento por parte de este sitio web. Transmitir otras dificultades de acceso al contenido. Formular cualquier otra consulta o sugerencia de mejora relativa a la accesibilidad del sitio web. A trav\u00e9s de la siguiente v\u00eda: Email: estudi@enginyeriavall.com Tambi\u00e9n puede solicitar en formato accesible informaci\u00f3n que no cumpla con los requisitos de accesibilidad bien para estar excluida, bien para estar exenta por carga desproporcionada; o\u00a0formular una queja\u00a0por incumplimiento de los requisitos de accesibilidad. Procedimiento de aplicaci\u00f3n A trav\u00e9s de este procedimiento podr\u00e1s iniciar una reclamaci\u00f3n para conocer y oponerte a los motivos de la desestimaci\u00f3n de una solicitud de informaci\u00f3n accesible o queja, instar la adopci\u00f3n de las medidas oportunas en el caso de no estar de acuerdo con la decisi\u00f3n adoptada, o exponer las razones por las cuales se considera que la respuesta no cumple con los requisitos exigidos. Enlace al\u00a0procedimiento de reclamaci\u00f3n\u00a0, que tiene que dirigir a la Unidad responsable de accesibilidad de este Ministerio, o si la reclamaci\u00f3n es por una actuaci\u00f3n de esta Unidad, al superior jer\u00e1rquico de esta.<\/p>\n","protected":false},"author":2,"featured_media":0,"parent":0,"menu_order":0,"comment_status":"closed","ping_status":"closed","template":"","meta":{"footnotes":""},"class_list":["post-1311","page","type-page","status-publish","hentry"],"yoast_head":"<!-- This site is optimized with the Yoast SEO plugin v26.2 - https:\/\/yoast.com\/wordpress\/plugins\/seo\/ -->\n<title>Accesibilidad - Enginyeria Vall<\/title>\n<meta name=\"robots\" content=\"index, follow, max-snippet:-1, max-image-preview:large, max-video-preview:-1\" \/>\n<link rel=\"canonical\" href=\"https:\/\/enginyeriavall.com\/es\/accesibilidad\/\" \/>\n<meta property=\"og:locale\" content=\"es_ES\" \/>\n<meta property=\"og:type\" content=\"article\" \/>\n<meta property=\"og:title\" content=\"Accesibilidad - Enginyeria Vall\" \/>\n<meta property=\"og:description\" content=\"Tabla de contenidos \u00a0 Enginyeria Vall se ha comprometido a hacer accesible su sitio web en conformidad con el Real Decreto 1112\/2018, de 7 de septiembre. La presente declaraci\u00f3n de accesibilidad se aplica a https:\/\/enginyeriavall.com\/ Situaci\u00f3n de cumplimiento Este sitio web es parcialmente conformo con el Real Decreto 1112\/2018, de 7 de septiembre, a causa de la carencia de conformidad de los aspectos que se indican a continuaci\u00f3n. Contenido no accesible El contenido que se recoge a continuaci\u00f3n no es accesible por los siguientes motivos: Falta en conformidad con el Real Decreto 1112\/2018, de 7 de septiembre, a causa de la falta de conformidad de los aspectos que se indican a continuaci\u00f3n. Falta parcial del punto descrito en w3.org de Atajos del teclado (Condicional) (https:\/\/www.w3.org\/TR\/WCAG\/#character-key-shortcuts) Falta parcial del punto descrito en w3.org de activaci\u00f3n mediante movimiento (Condicional) en algunas p\u00e0ginas. (https:\/\/www.w3.org\/TR\/WCAG\/#motion-actuation) Falta parcial del punto descrito en w3.org de sin trampas para el foco del teclado (Condicional) en algunas p\u00e1ginas (https:\/\/www.w3.org\/WAI\/WCAG22\/Understanding\/no-keyboard-trap.html) Falta parcial del punto descrito en w3.org de orden del foco en algunas p\u00e1ginas (https:\/\/www.w3.org\/WAI\/WCAG22\/Understanding\/focus-order.html) Preparaci\u00f3n de la presente declaraci\u00f3n de accesibilidad La presente declaraci\u00f3n fue preparada el 18\/12\/2023. El m\u00e9todo empleado para preparar la declaraci\u00f3n ha sido una autoevaluaci\u00f3n llevada a cabo por el propio organismo. \u00daltima revisi\u00f3n de la declaraci\u00f3n: 18 de diciembre de 2023. Observaciones y datos de contacto Puedes realizar comunicaciones sobre requisitos de accesibilidad (art\u00edculo 10.2.a) del Real Decreto 1112\/2018, de 7 de septiembre como, por ejemplo: Informar sobre cualquier posible incumplimiento por parte de este sitio web. Transmitir otras dificultades de acceso al contenido. Formular cualquier otra consulta o sugerencia de mejora relativa a la accesibilidad del sitio web. A trav\u00e9s de la siguiente v\u00eda: Email: estudi@enginyeriavall.com Tambi\u00e9n puede solicitar en formato accesible informaci\u00f3n que no cumpla con los requisitos de accesibilidad bien para estar excluida, bien para estar exenta por carga desproporcionada; o\u00a0formular una queja\u00a0por incumplimiento de los requisitos de accesibilidad. Procedimiento de aplicaci\u00f3n A trav\u00e9s de este procedimiento podr\u00e1s iniciar una reclamaci\u00f3n para conocer y oponerte a los motivos de la desestimaci\u00f3n de una solicitud de informaci\u00f3n accesible o queja, instar la adopci\u00f3n de las medidas oportunas en el caso de no estar de acuerdo con la decisi\u00f3n adoptada, o exponer las razones por las cuales se considera que la respuesta no cumple con los requisitos exigidos. Enlace al\u00a0procedimiento de reclamaci\u00f3n\u00a0, que tiene que dirigir a la Unidad responsable de accesibilidad de este Ministerio, o si la reclamaci\u00f3n es por una actuaci\u00f3n de esta Unidad, al superior jer\u00e1rquico de esta.\" \/>\n<meta property=\"og:url\" content=\"https:\/\/enginyeriavall.com\/es\/accesibilidad\/\" \/>\n<meta property=\"og:site_name\" content=\"Enginyeria Vall\" \/>\n<meta property=\"article:modified_time\" content=\"2023-12-18T09:06:58+00:00\" \/>\n<meta name=\"twitter:card\" content=\"summary_large_image\" \/>\n<meta name=\"twitter:label1\" content=\"Tiempo de lectura\" \/>\n\t<meta name=\"twitter:data1\" content=\"6 minutos\" \/>\n<script type=\"application\/ld+json\" class=\"yoast-schema-graph\">{\"@context\":\"https:\/\/schema.org\",\"@graph\":[{\"@type\":\"WebPage\",\"@id\":\"https:\/\/enginyeriavall.com\/es\/accesibilidad\/\",\"url\":\"https:\/\/enginyeriavall.com\/es\/accesibilidad\/\",\"name\":\"Accesibilidad - Enginyeria Vall\",\"isPartOf\":{\"@id\":\"https:\/\/enginyeriavall.com\/es\/#website\"},\"datePublished\":\"2023-12-14T08:17:33+00:00\",\"dateModified\":\"2023-12-18T09:06:58+00:00\",\"breadcrumb\":{\"@id\":\"https:\/\/enginyeriavall.com\/es\/accesibilidad\/#breadcrumb\"},\"inLanguage\":\"es\",\"potentialAction\":[{\"@type\":\"ReadAction\",\"target\":[\"https:\/\/enginyeriavall.com\/es\/accesibilidad\/\"]}]},{\"@type\":\"BreadcrumbList\",\"@id\":\"https:\/\/enginyeriavall.com\/es\/accesibilidad\/#breadcrumb\",\"itemListElement\":[{\"@type\":\"ListItem\",\"position\":1,\"name\":\"Home\",\"item\":\"https:\/\/enginyeriavall.com\/es\/inicio\/\"},{\"@type\":\"ListItem\",\"position\":2,\"name\":\"Accesibilidad\"}]},{\"@type\":\"WebSite\",\"@id\":\"https:\/\/enginyeriavall.com\/es\/#website\",\"url\":\"https:\/\/enginyeriavall.com\/es\/\",\"name\":\"Enginyeria Vall\",\"description\":\"Estudi d&#039;Enginyeria\",\"publisher\":{\"@id\":\"https:\/\/enginyeriavall.com\/es\/#organization\"},\"potentialAction\":[{\"@type\":\"SearchAction\",\"target\":{\"@type\":\"EntryPoint\",\"urlTemplate\":\"https:\/\/enginyeriavall.com\/es\/?s={search_term_string}\"},\"query-input\":{\"@type\":\"PropertyValueSpecification\",\"valueRequired\":true,\"valueName\":\"search_term_string\"}}],\"inLanguage\":\"es\"},{\"@type\":\"Organization\",\"@id\":\"https:\/\/enginyeriavall.com\/es\/#organization\",\"name\":\"Enginyeria Vall\",\"url\":\"https:\/\/enginyeriavall.com\/es\/\",\"logo\":{\"@type\":\"ImageObject\",\"inLanguage\":\"es\",\"@id\":\"https:\/\/enginyeriavall.com\/es\/#\/schema\/logo\/image\/\",\"url\":\"https:\/\/enginyeriavall.com\/wp-content\/uploads\/2023\/08\/logo-vall-enginyers.png\",\"contentUrl\":\"https:\/\/enginyeriavall.com\/wp-content\/uploads\/2023\/08\/logo-vall-enginyers.png\",\"width\":380,\"height\":272,\"caption\":\"Enginyeria Vall\"},\"image\":{\"@id\":\"https:\/\/enginyeriavall.com\/es\/#\/schema\/logo\/image\/\"}}]}<\/script>\n<!-- \/ Yoast SEO plugin. -->","yoast_head_json":{"title":"Accesibilidad - Enginyeria Vall","robots":{"index":"index","follow":"follow","max-snippet":"max-snippet:-1","max-image-preview":"max-image-preview:large","max-video-preview":"max-video-preview:-1"},"canonical":"https:\/\/enginyeriavall.com\/es\/accesibilidad\/","og_locale":"es_ES","og_type":"article","og_title":"Accesibilidad - Enginyeria Vall","og_description":"Tabla de contenidos \u00a0 Enginyeria Vall se ha comprometido a hacer accesible su sitio web en conformidad con el Real Decreto 1112\/2018, de 7 de septiembre. La presente declaraci\u00f3n de accesibilidad se aplica a https:\/\/enginyeriavall.com\/ Situaci\u00f3n de cumplimiento Este sitio web es parcialmente conformo con el Real Decreto 1112\/2018, de 7 de septiembre, a causa de la carencia de conformidad de los aspectos que se indican a continuaci\u00f3n. Contenido no accesible El contenido que se recoge a continuaci\u00f3n no es accesible por los siguientes motivos: Falta en conformidad con el Real Decreto 1112\/2018, de 7 de septiembre, a causa de la falta de conformidad de los aspectos que se indican a continuaci\u00f3n. Falta parcial del punto descrito en w3.org de Atajos del teclado (Condicional) (https:\/\/www.w3.org\/TR\/WCAG\/#character-key-shortcuts) Falta parcial del punto descrito en w3.org de activaci\u00f3n mediante movimiento (Condicional) en algunas p\u00e0ginas. (https:\/\/www.w3.org\/TR\/WCAG\/#motion-actuation) Falta parcial del punto descrito en w3.org de sin trampas para el foco del teclado (Condicional) en algunas p\u00e1ginas (https:\/\/www.w3.org\/WAI\/WCAG22\/Understanding\/no-keyboard-trap.html) Falta parcial del punto descrito en w3.org de orden del foco en algunas p\u00e1ginas (https:\/\/www.w3.org\/WAI\/WCAG22\/Understanding\/focus-order.html) Preparaci\u00f3n de la presente declaraci\u00f3n de accesibilidad La presente declaraci\u00f3n fue preparada el 18\/12\/2023. El m\u00e9todo empleado para preparar la declaraci\u00f3n ha sido una autoevaluaci\u00f3n llevada a cabo por el propio organismo. \u00daltima revisi\u00f3n de la declaraci\u00f3n: 18 de diciembre de 2023. Observaciones y datos de contacto Puedes realizar comunicaciones sobre requisitos de accesibilidad (art\u00edculo 10.2.a) del Real Decreto 1112\/2018, de 7 de septiembre como, por ejemplo: Informar sobre cualquier posible incumplimiento por parte de este sitio web. Transmitir otras dificultades de acceso al contenido. Formular cualquier otra consulta o sugerencia de mejora relativa a la accesibilidad del sitio web. A trav\u00e9s de la siguiente v\u00eda: Email: estudi@enginyeriavall.com Tambi\u00e9n puede solicitar en formato accesible informaci\u00f3n que no cumpla con los requisitos de accesibilidad bien para estar excluida, bien para estar exenta por carga desproporcionada; o\u00a0formular una queja\u00a0por incumplimiento de los requisitos de accesibilidad. Procedimiento de aplicaci\u00f3n A trav\u00e9s de este procedimiento podr\u00e1s iniciar una reclamaci\u00f3n para conocer y oponerte a los motivos de la desestimaci\u00f3n de una solicitud de informaci\u00f3n accesible o queja, instar la adopci\u00f3n de las medidas oportunas en el caso de no estar de acuerdo con la decisi\u00f3n adoptada, o exponer las razones por las cuales se considera que la respuesta no cumple con los requisitos exigidos. Enlace al\u00a0procedimiento de reclamaci\u00f3n\u00a0, que tiene que dirigir a la Unidad responsable de accesibilidad de este Ministerio, o si la reclamaci\u00f3n es por una actuaci\u00f3n de esta Unidad, al superior jer\u00e1rquico de esta.","og_url":"https:\/\/enginyeriavall.com\/es\/accesibilidad\/","og_site_name":"Enginyeria Vall","article_modified_time":"2023-12-18T09:06:58+00:00","twitter_card":"summary_large_image","twitter_misc":{"Tiempo de lectura":"6 minutos"},"schema":{"@context":"https:\/\/schema.org","@graph":[{"@type":"WebPage","@id":"https:\/\/enginyeriavall.com\/es\/accesibilidad\/","url":"https:\/\/enginyeriavall.com\/es\/accesibilidad\/","name":"Accesibilidad - Enginyeria Vall","isPartOf":{"@id":"https:\/\/enginyeriavall.com\/es\/#website"},"datePublished":"2023-12-14T08:17:33+00:00","dateModified":"2023-12-18T09:06:58+00:00","breadcrumb":{"@id":"https:\/\/enginyeriavall.com\/es\/accesibilidad\/#breadcrumb"},"inLanguage":"es","potentialAction":[{"@type":"ReadAction","target":["https:\/\/enginyeriavall.com\/es\/accesibilidad\/"]}]},{"@type":"BreadcrumbList","@id":"https:\/\/enginyeriavall.com\/es\/accesibilidad\/#breadcrumb","itemListElement":[{"@type":"ListItem","position":1,"name":"Home","item":"https:\/\/enginyeriavall.com\/es\/inicio\/"},{"@type":"ListItem","position":2,"name":"Accesibilidad"}]},{"@type":"WebSite","@id":"https:\/\/enginyeriavall.com\/es\/#website","url":"https:\/\/enginyeriavall.com\/es\/","name":"Enginyeria Vall","description":"Estudi d&#039;Enginyeria","publisher":{"@id":"https:\/\/enginyeriavall.com\/es\/#organization"},"potentialAction":[{"@type":"SearchAction","target":{"@type":"EntryPoint","urlTemplate":"https:\/\/enginyeriavall.com\/es\/?s={search_term_string}"},"query-input":{"@type":"PropertyValueSpecification","valueRequired":true,"valueName":"search_term_string"}}],"inLanguage":"es"},{"@type":"Organization","@id":"https:\/\/enginyeriavall.com\/es\/#organization","name":"Enginyeria Vall","url":"https:\/\/enginyeriavall.com\/es\/","logo":{"@type":"ImageObject","inLanguage":"es","@id":"https:\/\/enginyeriavall.com\/es\/#\/schema\/logo\/image\/","url":"https:\/\/enginyeriavall.com\/wp-content\/uploads\/2023\/08\/logo-vall-enginyers.png","contentUrl":"https:\/\/enginyeriavall.com\/wp-content\/uploads\/2023\/08\/logo-vall-enginyers.png","width":380,"height":272,"caption":"Enginyeria Vall"},"image":{"@id":"https:\/\/enginyeriavall.com\/es\/#\/schema\/logo\/image\/"}}]}},"_links":{"self":[{"href":"https:\/\/enginyeriavall.com\/es\/wp-json\/wp\/v2\/pages\/1311","targetHints":{"allow":["GET"]}}],"collection":[{"href":"https:\/\/enginyeriavall.com\/es\/wp-json\/wp\/v2\/pages"}],"about":[{"href":"https:\/\/enginyeriavall.com\/es\/wp-json\/wp\/v2\/types\/page"}],"author":[{"embeddable":true,"href":"https:\/\/enginyeriavall.com\/es\/wp-json\/wp\/v2\/users\/2"}],"replies":[{"embeddable":true,"href":"https:\/\/enginyeriavall.com\/es\/wp-json\/wp\/v2\/comments?post=1311"}],"version-history":[{"count":8,"href":"https:\/\/enginyeriavall.com\/es\/wp-json\/wp\/v2\/pages\/1311\/revisions"}],"predecessor-version":[{"id":1487,"href":"https:\/\/enginyeriavall.com\/es\/wp-json\/wp\/v2\/pages\/1311\/revisions\/1487"}],"wp:attachment":[{"href":"https:\/\/enginyeriavall.com\/es\/wp-json\/wp\/v2\/media?parent=1311"}],"curies":[{"name":"wp","href":"https:\/\/api.w.org\/{rel}","templated":true}]}}