{"id":1368,"date":"2023-08-22T13:51:26","date_gmt":"2023-08-22T11:51:26","guid":{"rendered":"https:\/\/enginyeriavall.com\/nosotros\/"},"modified":"2023-12-14T16:41:33","modified_gmt":"2023-12-14T15:41:33","slug":"nosotros","status":"publish","type":"page","link":"https:\/\/enginyeriavall.com\/es\/nosotros\/","title":{"rendered":"Nosotros"},"content":{"rendered":"\t\t<div data-elementor-type=\"wp-page\" data-elementor-id=\"1368\" class=\"elementor elementor-1368 elementor-30\" data-elementor-post-type=\"page\">\n\t\t\t\t<div class=\"elementor-element elementor-element-10bd6ff e-con-full e-flex e-con e-parent\" data-id=\"10bd6ff\" data-element_type=\"container\" data-settings=\"{&quot;background_background&quot;:&quot;classic&quot;}\">\n\t\t<div class=\"elementor-element elementor-element-800ed75 e-con-full e-flex e-con e-child\" data-id=\"800ed75\" data-element_type=\"container\">\n\t\t\t\t<div class=\"elementor-element elementor-element-e1df50e elementor-widget__width-initial elementor-widget-tablet__width-inherit elementor-widget elementor-widget-heading\" data-id=\"e1df50e\" data-element_type=\"widget\" data-widget_type=\"heading.default\">\n\t\t\t\t<div class=\"elementor-widget-container\">\n\t\t\t\t\t<h1 class=\"elementor-heading-title elementor-size-default\">Sobre nosotros<\/h1>\t\t\t\t<\/div>\n\t\t\t\t<\/div>\n\t\t\t\t<\/div>\n\t\t\t\t<\/div>\n\t\t<div class=\"elementor-element elementor-element-0fc7752 e-flex e-con-boxed e-con e-parent\" data-id=\"0fc7752\" data-element_type=\"container\">\n\t\t\t\t\t<div class=\"e-con-inner\">\n\t\t<div class=\"elementor-element elementor-element-83c4554 e-con-full e-flex e-con e-child\" data-id=\"83c4554\" data-element_type=\"container\">\n\t\t\t\t<div class=\"elementor-element elementor-element-3084f77 elementor-align-center elementor-widget elementor-widget-lottie\" data-id=\"3084f77\" data-element_type=\"widget\" data-settings=\"{&quot;source_json&quot;:{&quot;url&quot;:&quot;https:\\\/\\\/enginyeriavall.com\\\/wp-content\\\/uploads\\\/2023\\\/08\\\/lottieflow-scroll-down-01-ffffff-easey.json&quot;,&quot;id&quot;:106,&quot;size&quot;:&quot;&quot;,&quot;alt&quot;:&quot;&quot;,&quot;source&quot;:&quot;library&quot;},&quot;loop&quot;:&quot;yes&quot;,&quot;link_to&quot;:&quot;custom&quot;,&quot;custom_link&quot;:{&quot;url&quot;:&quot;#proyectos&quot;,&quot;is_external&quot;:&quot;&quot;,&quot;nofollow&quot;:&quot;&quot;,&quot;custom_attributes&quot;:&quot;&quot;},&quot;source&quot;:&quot;media_file&quot;,&quot;caption_source&quot;:&quot;none&quot;,&quot;trigger&quot;:&quot;arriving_to_viewport&quot;,&quot;viewport&quot;:{&quot;unit&quot;:&quot;%&quot;,&quot;size&quot;:&quot;&quot;,&quot;sizes&quot;:{&quot;start&quot;:0,&quot;end&quot;:100}},&quot;play_speed&quot;:{&quot;unit&quot;:&quot;px&quot;,&quot;size&quot;:1,&quot;sizes&quot;:[]},&quot;start_point&quot;:{&quot;unit&quot;:&quot;%&quot;,&quot;size&quot;:0,&quot;sizes&quot;:[]},&quot;end_point&quot;:{&quot;unit&quot;:&quot;%&quot;,&quot;size&quot;:100,&quot;sizes&quot;:[]},&quot;renderer&quot;:&quot;svg&quot;}\" data-widget_type=\"lottie.default\">\n\t\t\t\t<div class=\"elementor-widget-container\">\n\t\t\t\t\t<a class=\"e-lottie__container__link\" href=\"#proyectos\"><div class=\"e-lottie__container\"><div class=\"e-lottie__animation\"><\/div><\/div><\/a>\t\t\t\t<\/div>\n\t\t\t\t<\/div>\n\t\t\t\t<\/div>\n\t\t\t\t\t<\/div>\n\t\t\t\t<\/div>\n\t\t<div class=\"elementor-element elementor-element-a1bd32d e-flex e-con-boxed e-con e-parent\" data-id=\"a1bd32d\" data-element_type=\"container\">\n\t\t\t\t\t<div class=\"e-con-inner\">\n\t\t<div class=\"elementor-element elementor-element-eb76239 e-con-full e-flex e-con e-child\" data-id=\"eb76239\" data-element_type=\"container\">\n\t\t\t\t<div class=\"elementor-element elementor-element-6a97f64 elementor-widget elementor-widget-heading\" data-id=\"6a97f64\" data-element_type=\"widget\" data-widget_type=\"heading.default\">\n\t\t\t\t<div class=\"elementor-widget-container\">\n\t\t\t\t\t<h2 class=\"elementor-heading-title elementor-size-default\">Acerca de Enginyeria<span style=\"color:#D44634\"> Vall<\/h2>\t\t\t\t<\/div>\n\t\t\t\t<\/div>\n\t\t\t\t<div class=\"elementor-element elementor-element-f2421ee wpr-advanced-text-style-animated wpr-fancy-text-typing wpr-animated-text-infinite-yes elementor-widget elementor-widget-wpr-advanced-text\" data-id=\"f2421ee\" data-element_type=\"widget\" data-settings=\"{&quot;anim_loop&quot;:&quot;yes&quot;}\" data-widget_type=\"wpr-advanced-text.default\">\n\t\t\t\t<div class=\"elementor-widget-container\">\n\t\t\t\t\t\n\t\t<p class=\"wpr-advanced-text\">\n\n\t\t\t\t\t\n\t\t\t\t\t\t\t<span class=\"wpr-advanced-text-preffix\">Enginyeria Vall<\/span>\n\t\t\t\n\t\t<span class=\"wpr-anim-text wpr-anim-text-type-typing wpr-anim-text-letters\" data-anim-duration=\"200,2000\" data-anim-loop=\"yes\">\n\t\t\t<span class=\"wpr-anim-text-inner\">\n\t\t\t\t\t\t\t\t\t<b>Construcci\u00f3n<\/b>\n\t\t\t\t\t\t\t\t\t<b>Urbanismo y Obra Civil<\/b>\n\t\t\t\t\t\t\t\t\t<b>Instalaciones<\/b>\n\t\t\t\t\t\t\t\t\t<b>Medio Ambiente<\/b>\n\t\t\t\t\t\t\t\t\t<b>Permisos y licencias<\/b>\n\t\t\t\t\t\t\t<\/span>\n\t\t\t<span class=\"wpr-anim-text-cursor\">|<\/span>\t\t<\/span>\n\n\t\t\t\t\n\t\t<\/p>\n\t\t\n\t\t\t\t\t\t<\/div>\n\t\t\t\t<\/div>\n\t\t\t\t<\/div>\n\t\t<div class=\"elementor-element elementor-element-fe7f12c e-con-full e-flex e-con e-child\" data-id=\"fe7f12c\" data-element_type=\"container\">\n\t\t\t\t<div class=\"elementor-element elementor-element-b3a8577 elementor-widget elementor-widget-text-editor\" data-id=\"b3a8577\" data-element_type=\"widget\" data-widget_type=\"text-editor.default\">\n\t\t\t\t<div class=\"elementor-widget-container\">\n\t\t\t\t\t\t\t\t\t<h4>Medio siglo de historia nos avala<\/h4>\n<p>Siguiendo la tradici\u00f3n familiar, los hermanos Josep y Ramon se hicieron cargo en 1995 del gabinete de ingenier\u00eda fundado en 1954 por su padre, el doctor ingeniero industrial Ramon Vall i Rimblas. En enero de 1997, el gabinete se constituy\u00f3 en la sociedad Estudi d&#8217;Enginyeria Vall SLP, en la que Josep, Ingeniero de Caminos, Canales y Puertos, ocupa el puesto de director de proyectos de obras de urbanizaci\u00f3n y Ramon, Ingeniero T\u00e9cnico Industrial, especialidad mec\u00e1nica, se encarga de las obras en edificios industriales, instalaciones y legalizaciones. Con car\u00e1cter temporal y de acuerdo con los proyectos en curso, Estudi d&#8217;Enginyeria Vall requiere la colaboraci\u00f3n de otros t\u00e9cnicos especializados en el proyecto que se desarrolla.<\/p>\n\t\t\t\t\t\t\t\t<\/div>\n\t\t\t\t<\/div>\n\t\t\t\t<\/div>\n\t\t\t\t\t<\/div>\n\t\t\t\t<\/div>\n\t\t\t\t<\/div>\n\t\t","protected":false},"excerpt":{"rendered":"<p>Sobre nosotros Acerca de Enginyeria Vall Enginyeria Vall Construcci\u00f3n Urbanismo y Obra Civil Instalaciones Medio Ambiente Permisos y licencias | Medio siglo de historia nos avala Siguiendo la tradici\u00f3n familiar, los hermanos Josep y Ramon se hicieron cargo en 1995 del gabinete de ingenier\u00eda fundado en 1954 por su padre, el doctor ingeniero industrial Ramon Vall i Rimblas. En enero de 1997, el gabinete se constituy\u00f3 en la sociedad Estudi d&#8217;Enginyeria Vall SLP, en la que Josep, Ingeniero de Caminos, Canales y Puertos, ocupa el puesto de director de proyectos de obras de urbanizaci\u00f3n y Ramon, Ingeniero T\u00e9cnico Industrial, especialidad mec\u00e1nica, se encarga de las obras en edificios industriales, instalaciones y legalizaciones. Con car\u00e1cter temporal y de acuerdo con los proyectos en curso, Estudi d&#8217;Enginyeria Vall requiere la colaboraci\u00f3n de otros t\u00e9cnicos especializados en el proyecto que se desarrolla.<\/p>\n","protected":false},"author":2,"featured_media":1234,"parent":0,"menu_order":0,"comment_status":"closed","ping_status":"closed","template":"","meta":{"footnotes":""},"class_list":["post-1368","page","type-page","status-publish","has-post-thumbnail","hentry"],"yoast_head":"<!-- This site is optimized with the Yoast SEO plugin v26.2 - https:\/\/yoast.com\/wordpress\/plugins\/seo\/ -->\n<title>Nosotros - Enginyeria Vall<\/title>\n<meta name=\"robots\" content=\"index, follow, max-snippet:-1, max-image-preview:large, max-video-preview:-1\" \/>\n<link rel=\"canonical\" href=\"https:\/\/enginyeriavall.com\/es\/nosotros\/\" \/>\n<meta property=\"og:locale\" content=\"es_ES\" \/>\n<meta property=\"og:type\" content=\"article\" \/>\n<meta property=\"og:title\" content=\"Nosotros - Enginyeria Vall\" \/>\n<meta property=\"og:description\" content=\"Sobre nosotros Acerca de Enginyeria Vall Enginyeria Vall Construcci\u00f3n Urbanismo y Obra Civil Instalaciones Medio Ambiente Permisos y licencias | Medio siglo de historia nos avala Siguiendo la tradici\u00f3n familiar, los hermanos Josep y Ramon se hicieron cargo en 1995 del gabinete de ingenier\u00eda fundado en 1954 por su padre, el doctor ingeniero industrial Ramon Vall i Rimblas. En enero de 1997, el gabinete se constituy\u00f3 en la sociedad Estudi d&#8217;Enginyeria Vall SLP, en la que Josep, Ingeniero de Caminos, Canales y Puertos, ocupa el puesto de director de proyectos de obras de urbanizaci\u00f3n y Ramon, Ingeniero T\u00e9cnico Industrial, especialidad mec\u00e1nica, se encarga de las obras en edificios industriales, instalaciones y legalizaciones. Con car\u00e1cter temporal y de acuerdo con los proyectos en curso, Estudi d&#8217;Enginyeria Vall requiere la colaboraci\u00f3n de otros t\u00e9cnicos especializados en el proyecto que se desarrolla.\" \/>\n<meta property=\"og:url\" content=\"https:\/\/enginyeriavall.com\/es\/nosotros\/\" \/>\n<meta property=\"og:site_name\" content=\"Enginyeria Vall\" \/>\n<meta property=\"article:modified_time\" content=\"2023-12-14T15:41:33+00:00\" \/>\n<meta property=\"og:image\" content=\"https:\/\/enginyeriavall.com\/wp-content\/uploads\/2023\/12\/VINARD2.jpg\" \/>\n\t<meta property=\"og:image:width\" content=\"1858\" \/>\n\t<meta property=\"og:image:height\" content=\"1187\" \/>\n\t<meta property=\"og:image:type\" content=\"image\/jpeg\" \/>\n<meta name=\"twitter:card\" content=\"summary_large_image\" \/>\n<meta name=\"twitter:label1\" content=\"Tiempo de lectura\" \/>\n\t<meta name=\"twitter:data1\" content=\"1 minuto\" \/>\n<script type=\"application\/ld+json\" class=\"yoast-schema-graph\">{\"@context\":\"https:\/\/schema.org\",\"@graph\":[{\"@type\":\"WebPage\",\"@id\":\"https:\/\/enginyeriavall.com\/es\/nosotros\/\",\"url\":\"https:\/\/enginyeriavall.com\/es\/nosotros\/\",\"name\":\"Nosotros - Enginyeria Vall\",\"isPartOf\":{\"@id\":\"https:\/\/enginyeriavall.com\/es\/#website\"},\"primaryImageOfPage\":{\"@id\":\"https:\/\/enginyeriavall.com\/es\/nosotros\/#primaryimage\"},\"image\":{\"@id\":\"https:\/\/enginyeriavall.com\/es\/nosotros\/#primaryimage\"},\"thumbnailUrl\":\"https:\/\/enginyeriavall.com\/wp-content\/uploads\/2023\/12\/VINARD2.jpg\",\"datePublished\":\"2023-08-22T11:51:26+00:00\",\"dateModified\":\"2023-12-14T15:41:33+00:00\",\"breadcrumb\":{\"@id\":\"https:\/\/enginyeriavall.com\/es\/nosotros\/#breadcrumb\"},\"inLanguage\":\"es\",\"potentialAction\":[{\"@type\":\"ReadAction\",\"target\":[\"https:\/\/enginyeriavall.com\/es\/nosotros\/\"]}]},{\"@type\":\"ImageObject\",\"inLanguage\":\"es\",\"@id\":\"https:\/\/enginyeriavall.com\/es\/nosotros\/#primaryimage\",\"url\":\"https:\/\/enginyeriavall.com\/wp-content\/uploads\/2023\/12\/VINARD2.jpg\",\"contentUrl\":\"https:\/\/enginyeriavall.com\/wp-content\/uploads\/2023\/12\/VINARD2.jpg\",\"width\":1858,\"height\":1187,\"caption\":\"Foto antiga en blanc i negre d'una sala t\u00e8cnica d'una f\u00e0brica.\"},{\"@type\":\"BreadcrumbList\",\"@id\":\"https:\/\/enginyeriavall.com\/es\/nosotros\/#breadcrumb\",\"itemListElement\":[{\"@type\":\"ListItem\",\"position\":1,\"name\":\"Home\",\"item\":\"https:\/\/enginyeriavall.com\/es\/inicio\/\"},{\"@type\":\"ListItem\",\"position\":2,\"name\":\"Nosotros\"}]},{\"@type\":\"WebSite\",\"@id\":\"https:\/\/enginyeriavall.com\/es\/#website\",\"url\":\"https:\/\/enginyeriavall.com\/es\/\",\"name\":\"Enginyeria Vall\",\"description\":\"Estudi d&#039;Enginyeria\",\"publisher\":{\"@id\":\"https:\/\/enginyeriavall.com\/es\/#organization\"},\"potentialAction\":[{\"@type\":\"SearchAction\",\"target\":{\"@type\":\"EntryPoint\",\"urlTemplate\":\"https:\/\/enginyeriavall.com\/es\/?s={search_term_string}\"},\"query-input\":{\"@type\":\"PropertyValueSpecification\",\"valueRequired\":true,\"valueName\":\"search_term_string\"}}],\"inLanguage\":\"es\"},{\"@type\":\"Organization\",\"@id\":\"https:\/\/enginyeriavall.com\/es\/#organization\",\"name\":\"Enginyeria Vall\",\"url\":\"https:\/\/enginyeriavall.com\/es\/\",\"logo\":{\"@type\":\"ImageObject\",\"inLanguage\":\"es\",\"@id\":\"https:\/\/enginyeriavall.com\/es\/#\/schema\/logo\/image\/\",\"url\":\"https:\/\/enginyeriavall.com\/wp-content\/uploads\/2023\/08\/logo-vall-enginyers.png\",\"contentUrl\":\"https:\/\/enginyeriavall.com\/wp-content\/uploads\/2023\/08\/logo-vall-enginyers.png\",\"width\":380,\"height\":272,\"caption\":\"Enginyeria Vall\"},\"image\":{\"@id\":\"https:\/\/enginyeriavall.com\/es\/#\/schema\/logo\/image\/\"}}]}<\/script>\n<!-- \/ Yoast SEO plugin. -->","yoast_head_json":{"title":"Nosotros - Enginyeria Vall","robots":{"index":"index","follow":"follow","max-snippet":"max-snippet:-1","max-image-preview":"max-image-preview:large","max-video-preview":"max-video-preview:-1"},"canonical":"https:\/\/enginyeriavall.com\/es\/nosotros\/","og_locale":"es_ES","og_type":"article","og_title":"Nosotros - Enginyeria Vall","og_description":"Sobre nosotros Acerca de Enginyeria Vall Enginyeria Vall Construcci\u00f3n Urbanismo y Obra Civil Instalaciones Medio Ambiente Permisos y licencias | Medio siglo de historia nos avala Siguiendo la tradici\u00f3n familiar, los hermanos Josep y Ramon se hicieron cargo en 1995 del gabinete de ingenier\u00eda fundado en 1954 por su padre, el doctor ingeniero industrial Ramon Vall i Rimblas. En enero de 1997, el gabinete se constituy\u00f3 en la sociedad Estudi d&#8217;Enginyeria Vall SLP, en la que Josep, Ingeniero de Caminos, Canales y Puertos, ocupa el puesto de director de proyectos de obras de urbanizaci\u00f3n y Ramon, Ingeniero T\u00e9cnico Industrial, especialidad mec\u00e1nica, se encarga de las obras en edificios industriales, instalaciones y legalizaciones. Con car\u00e1cter temporal y de acuerdo con los proyectos en curso, Estudi d&#8217;Enginyeria Vall requiere la colaboraci\u00f3n de otros t\u00e9cnicos especializados en el proyecto que se desarrolla.","og_url":"https:\/\/enginyeriavall.com\/es\/nosotros\/","og_site_name":"Enginyeria Vall","article_modified_time":"2023-12-14T15:41:33+00:00","og_image":[{"width":1858,"height":1187,"url":"https:\/\/enginyeriavall.com\/wp-content\/uploads\/2023\/12\/VINARD2.jpg","type":"image\/jpeg"}],"twitter_card":"summary_large_image","twitter_misc":{"Tiempo de lectura":"1 minuto"},"schema":{"@context":"https:\/\/schema.org","@graph":[{"@type":"WebPage","@id":"https:\/\/enginyeriavall.com\/es\/nosotros\/","url":"https:\/\/enginyeriavall.com\/es\/nosotros\/","name":"Nosotros - Enginyeria Vall","isPartOf":{"@id":"https:\/\/enginyeriavall.com\/es\/#website"},"primaryImageOfPage":{"@id":"https:\/\/enginyeriavall.com\/es\/nosotros\/#primaryimage"},"image":{"@id":"https:\/\/enginyeriavall.com\/es\/nosotros\/#primaryimage"},"thumbnailUrl":"https:\/\/enginyeriavall.com\/wp-content\/uploads\/2023\/12\/VINARD2.jpg","datePublished":"2023-08-22T11:51:26+00:00","dateModified":"2023-12-14T15:41:33+00:00","breadcrumb":{"@id":"https:\/\/enginyeriavall.com\/es\/nosotros\/#breadcrumb"},"inLanguage":"es","potentialAction":[{"@type":"ReadAction","target":["https:\/\/enginyeriavall.com\/es\/nosotros\/"]}]},{"@type":"ImageObject","inLanguage":"es","@id":"https:\/\/enginyeriavall.com\/es\/nosotros\/#primaryimage","url":"https:\/\/enginyeriavall.com\/wp-content\/uploads\/2023\/12\/VINARD2.jpg","contentUrl":"https:\/\/enginyeriavall.com\/wp-content\/uploads\/2023\/12\/VINARD2.jpg","width":1858,"height":1187,"caption":"Foto antiga en blanc i negre d'una sala t\u00e8cnica d'una f\u00e0brica."},{"@type":"BreadcrumbList","@id":"https:\/\/enginyeriavall.com\/es\/nosotros\/#breadcrumb","itemListElement":[{"@type":"ListItem","position":1,"name":"Home","item":"https:\/\/enginyeriavall.com\/es\/inicio\/"},{"@type":"ListItem","position":2,"name":"Nosotros"}]},{"@type":"WebSite","@id":"https:\/\/enginyeriavall.com\/es\/#website","url":"https:\/\/enginyeriavall.com\/es\/","name":"Enginyeria Vall","description":"Estudi d&#039;Enginyeria","publisher":{"@id":"https:\/\/enginyeriavall.com\/es\/#organization"},"potentialAction":[{"@type":"SearchAction","target":{"@type":"EntryPoint","urlTemplate":"https:\/\/enginyeriavall.com\/es\/?s={search_term_string}"},"query-input":{"@type":"PropertyValueSpecification","valueRequired":true,"valueName":"search_term_string"}}],"inLanguage":"es"},{"@type":"Organization","@id":"https:\/\/enginyeriavall.com\/es\/#organization","name":"Enginyeria Vall","url":"https:\/\/enginyeriavall.com\/es\/","logo":{"@type":"ImageObject","inLanguage":"es","@id":"https:\/\/enginyeriavall.com\/es\/#\/schema\/logo\/image\/","url":"https:\/\/enginyeriavall.com\/wp-content\/uploads\/2023\/08\/logo-vall-enginyers.png","contentUrl":"https:\/\/enginyeriavall.com\/wp-content\/uploads\/2023\/08\/logo-vall-enginyers.png","width":380,"height":272,"caption":"Enginyeria Vall"},"image":{"@id":"https:\/\/enginyeriavall.com\/es\/#\/schema\/logo\/image\/"}}]}},"_links":{"self":[{"href":"https:\/\/enginyeriavall.com\/es\/wp-json\/wp\/v2\/pages\/1368","targetHints":{"allow":["GET"]}}],"collection":[{"href":"https:\/\/enginyeriavall.com\/es\/wp-json\/wp\/v2\/pages"}],"about":[{"href":"https:\/\/enginyeriavall.com\/es\/wp-json\/wp\/v2\/types\/page"}],"author":[{"embeddable":true,"href":"https:\/\/enginyeriavall.com\/es\/wp-json\/wp\/v2\/users\/2"}],"replies":[{"embeddable":true,"href":"https:\/\/enginyeriavall.com\/es\/wp-json\/wp\/v2\/comments?post=1368"}],"version-history":[{"count":5,"href":"https:\/\/enginyeriavall.com\/es\/wp-json\/wp\/v2\/pages\/1368\/revisions"}],"predecessor-version":[{"id":1453,"href":"https:\/\/enginyeriavall.com\/es\/wp-json\/wp\/v2\/pages\/1368\/revisions\/1453"}],"wp:featuredmedia":[{"embeddable":true,"href":"https:\/\/enginyeriavall.com\/es\/wp-json\/wp\/v2\/media\/1234"}],"wp:attachment":[{"href":"https:\/\/enginyeriavall.com\/es\/wp-json\/wp\/v2\/media?parent=1368"}],"curies":[{"name":"wp","href":"https:\/\/api.w.org\/{rel}","templated":true}]}}